{"id":9796,"date":"2026-03-23T08:03:32","date_gmt":"2026-03-23T07:03:32","guid":{"rendered":"https:\/\/srcleaner.com\/es\/?page_id=9796"},"modified":"2026-03-23T08:03:32","modified_gmt":"2026-03-23T07:03:32","slug":"limpieza-sindrome-de-diogenes","status":"publish","type":"page","link":"https:\/\/srcleaner.com\/es\/limpieza-sindrome-de-diogenes\/","title":{"rendered":"\u00a0Limpieza S\u00edndrome de Di\u00f3genes"},"content":{"rendered":"","protected":false},"excerpt":{"rendered":"","protected":false},"author":1,"featured_media":0,"parent":0,"menu_order":0,"comment_status":"closed","ping_status":"closed","template":"","meta":{"ocean_post_layout":"","ocean_both_sidebars_style":"","ocean_both_sidebars_content_width":0,"ocean_both_sidebars_sidebars_width":0,"ocean_sidebar":"","ocean_second_sidebar":"","ocean_disable_margins":"enable","ocean_add_body_class":"","ocean_shortcode_before_top_bar":"","ocean_shortcode_after_top_bar":"","ocean_shortcode_before_header":"","ocean_shortcode_after_header":"","ocean_has_shortcode":"","ocean_shortcode_after_title":"","ocean_shortcode_before_footer_widgets":"","ocean_shortcode_after_footer_widgets":"","ocean_shortcode_before_footer_bottom":"","ocean_shortcode_after_footer_bottom":"","ocean_display_top_bar":"default","ocean_display_header":"default","ocean_header_style":"","ocean_center_header_left_menu":"","ocean_custom_header_template":"","ocean_custom_logo":0,"ocean_custom_retina_logo":0,"ocean_custom_logo_max_width":0,"ocean_custom_logo_tablet_max_width":0,"ocean_custom_logo_mobile_max_width":0,"ocean_custom_logo_max_height":0,"ocean_custom_logo_tablet_max_height":0,"ocean_custom_logo_mobile_max_height":0,"ocean_header_custom_menu":"","ocean_menu_typo_font_family":"","ocean_menu_typo_font_subset":"","ocean_menu_typo_font_size":0,"ocean_menu_typo_font_size_tablet":0,"ocean_menu_typo_font_size_mobile":0,"ocean_menu_typo_font_size_unit":"px","ocean_menu_typo_font_weight":"","ocean_menu_typo_font_weight_tablet":"","ocean_menu_typo_font_weight_mobile":"","ocean_menu_typo_transform":"","ocean_menu_typo_transform_tablet":"","ocean_menu_typo_transform_mobile":"","ocean_menu_typo_line_height":0,"ocean_menu_typo_line_height_tablet":0,"ocean_menu_typo_line_height_mobile":0,"ocean_menu_typo_line_height_unit":"","ocean_menu_typo_spacing":0,"ocean_menu_typo_spacing_tablet":0,"ocean_menu_typo_spacing_mobile":0,"ocean_menu_typo_spacing_unit":"","ocean_menu_link_color":"","ocean_menu_link_color_hover":"","ocean_menu_link_color_active":"","ocean_menu_link_background":"","ocean_menu_link_hover_background":"","ocean_menu_link_active_background":"","ocean_menu_social_links_bg":"","ocean_menu_social_hover_links_bg":"","ocean_menu_social_links_color":"","ocean_menu_social_hover_links_color":"","ocean_disable_title":"default","ocean_disable_heading":"default","ocean_post_title":"","ocean_post_subheading":"","ocean_post_title_style":"","ocean_post_title_background_color":"","ocean_post_title_background":0,"ocean_post_title_bg_image_position":"","ocean_post_title_bg_image_attachment":"","ocean_post_title_bg_image_repeat":"","ocean_post_title_bg_image_size":"","ocean_post_title_height":0,"ocean_post_title_bg_overlay":0.5,"ocean_post_title_bg_overlay_color":"","ocean_disable_breadcrumbs":"default","ocean_breadcrumbs_color":"","ocean_breadcrumbs_separator_color":"","ocean_breadcrumbs_links_color":"","ocean_breadcrumbs_links_hover_color":"","ocean_display_footer_widgets":"default","ocean_display_footer_bottom":"default","ocean_custom_footer_template":"","footnotes":""},"class_list":["post-9796","page","type-page","status-publish","hentry","entry"],"yoast_head":"<!-- This site is optimized with the Yoast SEO Premium plugin v23.9 (Yoast SEO v25.5) - https:\/\/yoast.com\/wordpress\/plugins\/seo\/ -->\n<title>Limpieza S\u00edndrome de Di\u00f3genes - Sr Cleaner<\/title>\n<meta name=\"description\" content=\"\u00bfNecesitas una limpieza de choque por Di\u00f3genes? Vaciamos y desinfectamos casas y pisos en tiempo r\u00e9cord. Servicio profesional y discreto.\" \/>\n<meta name=\"robots\" content=\"index, follow, max-snippet:-1, max-image-preview:large, max-video-preview:-1\" \/>\n<link rel=\"canonical\" href=\"https:\/\/srcleaner.com\/es\/limpieza-sindrome-de-diogenes\/\" \/>\n<meta property=\"og:locale\" content=\"es_ES\" \/>\n<meta property=\"og:type\" content=\"article\" \/>\n<meta property=\"og:title\" content=\"\u00a0Limpieza S\u00edndrome de Di\u00f3genes\" \/>\n<meta property=\"og:description\" content=\"\u00bfNecesitas una limpieza de choque por Di\u00f3genes? Vaciamos y desinfectamos casas y pisos en tiempo r\u00e9cord. Servicio profesional y discreto.\" \/>\n<meta property=\"og:url\" content=\"https:\/\/srcleaner.com\/es\/limpieza-sindrome-de-diogenes\/\" \/>\n<meta property=\"og:site_name\" content=\"SR CLEANER \u2013 Limpieza de Sof\u00e1s, Colchones y Tapicer\u00eda en Toda Espa\u00f1a\" \/>\n<meta property=\"article:publisher\" content=\"https:\/\/www.facebook.com\/Sr-Cleaner-Espa%c3%b1a-110251134819362\" \/>\n<meta name=\"twitter:card\" content=\"summary_large_image\" \/>\n<script type=\"application\/ld+json\" class=\"yoast-schema-graph\">{\"@context\":\"https:\/\/schema.org\",\"@graph\":[{\"@type\":\"WebPage\",\"@id\":\"https:\/\/srcleaner.com\/es\/limpieza-sindrome-de-diogenes\/\",\"url\":\"https:\/\/srcleaner.com\/es\/limpieza-sindrome-de-diogenes\/\",\"name\":\"Limpieza S\u00edndrome de Di\u00f3genes - Sr Cleaner\",\"isPartOf\":{\"@id\":\"https:\/\/srcleaner.com\/es\/#website\"},\"datePublished\":\"2026-03-23T07:03:32+00:00\",\"description\":\"\u00bfNecesitas una limpieza de choque por Di\u00f3genes? Vaciamos y desinfectamos casas y pisos en tiempo r\u00e9cord. Servicio profesional y discreto.\",\"breadcrumb\":{\"@id\":\"https:\/\/srcleaner.com\/es\/limpieza-sindrome-de-diogenes\/#breadcrumb\"},\"inLanguage\":\"es\",\"potentialAction\":[{\"@type\":\"ReadAction\",\"target\":[\"https:\/\/srcleaner.com\/es\/limpieza-sindrome-de-diogenes\/\"]}]},{\"@type\":\"BreadcrumbList\",\"@id\":\"https:\/\/srcleaner.com\/es\/limpieza-sindrome-de-diogenes\/#breadcrumb\",\"itemListElement\":[{\"@type\":\"ListItem\",\"position\":1,\"name\":\"Portada\",\"item\":\"https:\/\/srcleaner.com\/es\/\"},{\"@type\":\"ListItem\",\"position\":2,\"name\":\"\u00a0Limpieza S\u00edndrome de Di\u00f3genes\"}]},{\"@type\":\"WebSite\",\"@id\":\"https:\/\/srcleaner.com\/es\/#website\",\"url\":\"https:\/\/srcleaner.com\/es\/\",\"name\":\"Sr Cleaner Espa\u00f1a\",\"description\":\"Empresa de limpieza de sof\u00e1s, colchones y alfombras a domicilio en toda Espa\u00f1a. Eliminamos manchas, olores y \u00e1caros con productos org\u00e1nicos y biodegradables.\",\"publisher\":{\"@id\":\"https:\/\/srcleaner.com\/es\/#organization\"},\"potentialAction\":[{\"@type\":\"SearchAction\",\"target\":{\"@type\":\"EntryPoint\",\"urlTemplate\":\"https:\/\/srcleaner.com\/es\/?s={search_term_string}\"},\"query-input\":{\"@type\":\"PropertyValueSpecification\",\"valueRequired\":true,\"valueName\":\"search_term_string\"}}],\"inLanguage\":\"es\"},{\"@type\":\"Organization\",\"@id\":\"https:\/\/srcleaner.com\/es\/#organization\",\"name\":\"Sr Cleaner Espa\u00f1a\",\"url\":\"https:\/\/srcleaner.com\/es\/\",\"logo\":{\"@type\":\"ImageObject\",\"inLanguage\":\"es\",\"@id\":\"https:\/\/srcleaner.com\/es\/#\/schema\/logo\/image\/\",\"url\":\"https:\/\/srcleaner.com\/es\/wp-content\/uploads\/sites\/3\/2023\/01\/Sr-cleaner-logo-02-1.png\",\"contentUrl\":\"https:\/\/srcleaner.com\/es\/wp-content\/uploads\/sites\/3\/2023\/01\/Sr-cleaner-logo-02-1.png\",\"width\":12756,\"height\":12756,\"caption\":\"Sr Cleaner Espa\u00f1a\"},\"image\":{\"@id\":\"https:\/\/srcleaner.com\/es\/#\/schema\/logo\/image\/\"},\"sameAs\":[\"https:\/\/www.facebook.com\/Sr-Cleaner-Espa\u00f1a-110251134819362\"]}]}<\/script>\n<!-- \/ Yoast SEO Premium plugin. -->","yoast_head_json":{"title":"Limpieza S\u00edndrome de Di\u00f3genes - Sr Cleaner","description":"\u00bfNecesitas una limpieza de choque por Di\u00f3genes? Vaciamos y desinfectamos casas y pisos en tiempo r\u00e9cord. Servicio profesional y discreto.","robots":{"index":"index","follow":"follow","max-snippet":"max-snippet:-1","max-image-preview":"max-image-preview:large","max-video-preview":"max-video-preview:-1"},"canonical":"https:\/\/srcleaner.com\/es\/limpieza-sindrome-de-diogenes\/","og_locale":"es_ES","og_type":"article","og_title":"\u00a0Limpieza S\u00edndrome de Di\u00f3genes","og_description":"\u00bfNecesitas una limpieza de choque por Di\u00f3genes? Vaciamos y desinfectamos casas y pisos en tiempo r\u00e9cord. Servicio profesional y discreto.","og_url":"https:\/\/srcleaner.com\/es\/limpieza-sindrome-de-diogenes\/","og_site_name":"SR CLEANER \u2013 Limpieza de Sof\u00e1s, Colchones y Tapicer\u00eda en Toda Espa\u00f1a","article_publisher":"https:\/\/www.facebook.com\/Sr-Cleaner-Espa%c3%b1a-110251134819362","twitter_card":"summary_large_image","schema":{"@context":"https:\/\/schema.org","@graph":[{"@type":"WebPage","@id":"https:\/\/srcleaner.com\/es\/limpieza-sindrome-de-diogenes\/","url":"https:\/\/srcleaner.com\/es\/limpieza-sindrome-de-diogenes\/","name":"Limpieza S\u00edndrome de Di\u00f3genes - Sr Cleaner","isPartOf":{"@id":"https:\/\/srcleaner.com\/es\/#website"},"datePublished":"2026-03-23T07:03:32+00:00","description":"\u00bfNecesitas una limpieza de choque por Di\u00f3genes? Vaciamos y desinfectamos casas y pisos en tiempo r\u00e9cord. Servicio profesional y discreto.","breadcrumb":{"@id":"https:\/\/srcleaner.com\/es\/limpieza-sindrome-de-diogenes\/#breadcrumb"},"inLanguage":"es","potentialAction":[{"@type":"ReadAction","target":["https:\/\/srcleaner.com\/es\/limpieza-sindrome-de-diogenes\/"]}]},{"@type":"BreadcrumbList","@id":"https:\/\/srcleaner.com\/es\/limpieza-sindrome-de-diogenes\/#breadcrumb","itemListElement":[{"@type":"ListItem","position":1,"name":"Portada","item":"https:\/\/srcleaner.com\/es\/"},{"@type":"ListItem","position":2,"name":"\u00a0Limpieza S\u00edndrome de Di\u00f3genes"}]},{"@type":"WebSite","@id":"https:\/\/srcleaner.com\/es\/#website","url":"https:\/\/srcleaner.com\/es\/","name":"Sr Cleaner Espa\u00f1a","description":"Empresa de limpieza de sof\u00e1s, colchones y alfombras a domicilio en toda Espa\u00f1a. Eliminamos manchas, olores y \u00e1caros con productos org\u00e1nicos y biodegradables.","publisher":{"@id":"https:\/\/srcleaner.com\/es\/#organization"},"potentialAction":[{"@type":"SearchAction","target":{"@type":"EntryPoint","urlTemplate":"https:\/\/srcleaner.com\/es\/?s={search_term_string}"},"query-input":{"@type":"PropertyValueSpecification","valueRequired":true,"valueName":"search_term_string"}}],"inLanguage":"es"},{"@type":"Organization","@id":"https:\/\/srcleaner.com\/es\/#organization","name":"Sr Cleaner Espa\u00f1a","url":"https:\/\/srcleaner.com\/es\/","logo":{"@type":"ImageObject","inLanguage":"es","@id":"https:\/\/srcleaner.com\/es\/#\/schema\/logo\/image\/","url":"https:\/\/srcleaner.com\/es\/wp-content\/uploads\/sites\/3\/2023\/01\/Sr-cleaner-logo-02-1.png","contentUrl":"https:\/\/srcleaner.com\/es\/wp-content\/uploads\/sites\/3\/2023\/01\/Sr-cleaner-logo-02-1.png","width":12756,"height":12756,"caption":"Sr Cleaner Espa\u00f1a"},"image":{"@id":"https:\/\/srcleaner.com\/es\/#\/schema\/logo\/image\/"},"sameAs":["https:\/\/www.facebook.com\/Sr-Cleaner-Espa\u00f1a-110251134819362"]}]}},"_links":{"self":[{"href":"https:\/\/srcleaner.com\/es\/wp-json\/wp\/v2\/pages\/9796","targetHints":{"allow":["GET"]}}],"collection":[{"href":"https:\/\/srcleaner.com\/es\/wp-json\/wp\/v2\/pages"}],"about":[{"href":"https:\/\/srcleaner.com\/es\/wp-json\/wp\/v2\/types\/page"}],"author":[{"embeddable":true,"href":"https:\/\/srcleaner.com\/es\/wp-json\/wp\/v2\/users\/1"}],"replies":[{"embeddable":true,"href":"https:\/\/srcleaner.com\/es\/wp-json\/wp\/v2\/comments?post=9796"}],"version-history":[{"count":2,"href":"https:\/\/srcleaner.com\/es\/wp-json\/wp\/v2\/pages\/9796\/revisions"}],"predecessor-version":[{"id":9798,"href":"https:\/\/srcleaner.com\/es\/wp-json\/wp\/v2\/pages\/9796\/revisions\/9798"}],"wp:attachment":[{"href":"https:\/\/srcleaner.com\/es\/wp-json\/wp\/v2\/media?parent=9796"}],"curies":[{"name":"wp","href":"https:\/\/api.w.org\/{rel}","templated":true}]}}